{"id":15435,"date":"2021-11-18T22:09:26","date_gmt":"2021-11-18T22:09:26","guid":{"rendered":"https:\/\/www.miroptics.cl\/eng\/?page_id=15435"},"modified":"2022-09-01T20:52:02","modified_gmt":"2022-09-01T20:52:02","slug":"board","status":"publish","type":"page","link":"https:\/\/www.miroptics.cl\/eng\/board\/","title":{"rendered":"Team Board"},"content":{"rendered":"<div id=\"tdi_1\" class=\"tdc-zone\"><div class=\"tdc_zone tdi_2  wpb_row td-pb-row\"  >\n<style scoped>\n\/* custom css - generated by TagDiv Composer *\/\n\n\/* custom css - generated by TagDiv Composer *\/\n\/* custom css - generated by TagDiv Composer *\/\n.tdi_2{\r\n                    min-height: 0;\r\n                }\n<\/style><div id=\"tdi_3\" class=\"tdc-row stretch_row_1200 td-stretch-content\"><div class=\"vc_row tdi_4  wpb_row td-pb-row tdc-element-style\" >\n<style scoped>\n\/* custom css - generated by TagDiv Composer *\/\n\n\/* custom css - generated by TagDiv Composer *\/\n\/* custom css - generated by TagDiv Composer *\/\n.tdi_4,\r\n                .tdi_4 .tdc-columns{\r\n                    min-height: 0;\r\n                }.tdi_4,\r\n\t\t\t\t.tdi_4 .tdc-columns{\r\n\t\t\t\t    display: block;\r\n\t\t\t\t}.tdi_4 .tdc-columns{\r\n\t\t\t\t    width: 100%;\r\n\t\t\t\t}\n\/* inline tdc_css att - generated by TagDiv Composer *\/\n\n.tdi_4{\nmargin-top:-40px !important;\nmargin-bottom:1px !important;\npadding-top:30px !important;\nposition:relative;\n}\n\n.tdi_4 .td_block_wrap{ text-align:left }\n\n<\/style>\n<div class=\"tdi_3_rand_style td-element-style\" ><div class=\"td-element-style-before\"><style>\n\/* custom css - generated by TagDiv Composer *\/\n\n.tdi_3_rand_style > .td-element-style-before {\ncontent:'' !important;\nwidth:100% !important;\nheight:100% !important;\nposition:absolute !important;\ntop:0 !important;\nleft:0 !important;\ndisplay:block !important;\nz-index:0 !important;\nbackground-image:url(\"https:\/\/www.miroptics.cl\/wp-content\/uploads\/2021\/11\/lineas3.jpg\") !important;\nbackground-position:center center !important;\nbackground-size:cover !important;\n}\n<\/style><\/div><\/div><div class=\"vc_column tdi_6  wpb_column vc_column_container tdc-column td-pb-span12\">\n<style scoped>\n\/* custom css - generated by TagDiv Composer *\/\n\n\/* custom css - generated by TagDiv Composer *\/\n\/* custom css - generated by TagDiv Composer *\/\n.tdi_6{\r\n                    vertical-align: baseline;\r\n                }.tdi_6 > .wpb_wrapper,\r\n\t\t\t\t.tdi_6 > .wpb_wrapper > .tdc-elements{\r\n\t\t\t\t    display: block;\r\n\t\t\t\t}.tdi_6 > .wpb_wrapper > .tdc-elements{\r\n\t\t\t\t    width: 100%;\r\n\t\t\t\t}.tdi_6 > .wpb_wrapper > .vc_row_inner{\r\n\t\t\t\t    width: auto;\r\n\t\t\t\t}.tdi_6 > .wpb_wrapper{\r\n\t\t\t\t    width: auto;\r\n\t\t\t\t    height: auto;\r\n\t\t\t\t}\n<\/style><div class=\"wpb_wrapper\" ><div class=\"td_block_wrap tdb_title tdi_7 tdb-page-title td-pb-border-top td_block_template_9\"  data-td-block-uid=\"tdi_7\" >\n<style>\n\/* custom css - generated by TagDiv Composer *\/\n\/* custom css - generated by TagDiv Composer *\/\n.tdb_title{\r\n                  margin-bottom: 19px;\r\n                }.tdb_title.tdb-content-horiz-center{\r\n                  text-align: center;\r\n                }.tdb_title.tdb-content-horiz-center .tdb-title-line{\r\n                  margin: 0 auto;\r\n                }.tdb_title.tdb-content-horiz-right{\r\n                  text-align: right;\r\n                }.tdb_title.tdb-content-horiz-right .tdb-title-line{\r\n                  margin-left: auto;\r\n                  margin-right: 0;\r\n                }.tdb-title-text{\r\n                  display: inline-block;\r\n                  position: relative;\r\n                  margin: 0;\r\n                  word-wrap: break-word;\r\n                  font-size: 30px;\r\n                  line-height: 38px;\r\n                  font-weight: 700;\r\n                }.tdb-first-letter{\r\n                  position: absolute;\r\n                  -webkit-user-select: none;\r\n                  user-select: none;\r\n                  pointer-events: none;\r\n                  text-transform: uppercase;\r\n                  color: rgba(0, 0, 0, 0.08);\r\n                  font-size: 6em;\r\n                  font-weight: 300;\r\n                  top: 50%;\r\n                  -webkit-transform: translateY(-50%);\r\n                  transform: translateY(-50%);\r\n                  left: -0.36em;\r\n                  z-index: -1;\r\n                  -webkit-text-fill-color: initial;\r\n                }.tdb-title-line{\r\n                  display: none;\r\n                  position: relative;\r\n                }.tdb-title-line:after{\r\n                  content: '';\r\n                  width: 100%;\r\n                  position: absolute;\r\n                  background-color: var(--td_theme_color, #4db2ec);\r\n                  top: 0;\r\n                  left: 0;\r\n                  margin: auto;\r\n                }.tdi_7 .tdb-title-text{\r\n\t\t\t\t\tcolor: #ffffff;\r\n\t\t\t\t\r\n\t\t\t\t\tfont-size:40px !important;\r\n\t\t\t\t}.tdi_7 .tdb-title-line{\r\n\t\t\t\t    display: inline-block;\r\n\t\t\t\t\twidth: 50px;\r\n\t\t\t\t\r\n\t\t\t\t\theight: 20px;\r\n\t\t\t\t\r\n\t\t\t\t\tmargin-left: auto;\r\n\t\t\t\t\tmargin-right: auto;\r\n\t\t\t\t}.tdi_7 .tdb-title-line:after{\r\n\t\t\t\t\theight: 2px;\r\n\t\t\t\t\r\n\t\t\t\t\tbottom: 40%;\r\n\t\t\t\t\r\n\t\t\t\t\tbackground: #ffffff;\r\n\t\t\t\t}.td-theme-wrap .tdi_7{\r\n\t\t\t\t\ttext-align: center;\r\n\t\t\t\t}.tdi_7 .tdb-first-letter{\r\n\t\t\t\t\tleft: 0;\r\n\t\t\t\t\tright: 0;\r\n\t\t\t\t}\n<\/style><div class=\"tdb-block-inner td-fix-index\"><h1 class=\"tdb-title-text\">Sample Page Title<\/h1><div><\/div><div class=\"tdb-title-line\"><\/div><\/div><\/div><\/div><\/div><\/div><\/div>\r\n\t\t\t<script>\r\n\r\n\t\t\t\tjQuery(window).ready(function () {\r\n\r\n\t\t\t\t\t\/\/ We need timeout because the content must be rendered and interpreted on client\r\n\t\t\t\t\tsetTimeout(function () {\r\n\r\n\t\t\t\t\t\tvar $content = jQuery('body').find('#tdc-live-iframe'),\r\n\t\t\t\t\t\t\trefWindow = undefined;\r\n\r\n\t\t\t\t\t\tif ($content.length) {\r\n\t\t\t\t\t\t\t$content = $content.contents();\r\n\t\t\t\t\t\t\trefWindow = document.getElementById('tdc-live-iframe').contentWindow || document.getElementById('tdc-live-iframe').contentDocument;\r\n\r\n\t\t\t\t\t\t} else {\r\n\t\t\t\t\t\t\t$content = jQuery('body');\r\n\t\t\t\t\t\t\trefWindow = window;\r\n\t\t\t\t\t\t}\r\n\r\n\t\t\t\t\t\t$content.find('#tdi_3 .td-element-style-before').each(function (index, element) {\r\n\t\t\t\t\t\t\tif ('undefined' !== typeof refWindow.td_compute_parallax_background) {\r\n\t\t\t\t\t\t\t\trefWindow.td_compute_parallax_background(element);\r\n\t\t\t\t\t\t\t\treturn;\r\n\t\t\t\t\t\t\t}\r\n\t\t\t\t\t\t});\r\n\r\n\t\t\t\t\t\t$content.find('#tdi_3 .tdc-video-parallax-wrapper').each(function (index, element) {\r\n\t\t\t\t\t\t\tif ( 'undefined' !== typeof refWindow.td_compute_parallax_background ) {\r\n\t\t\t\t\t\t\t\trefWindow.td_compute_parallax_background(element);\r\n\t\t\t\t\t\t\t}\r\n\t\t\t\t\t\t});\r\n\r\n\r\n\t\t\t\t\t\tif ('undefined' !== typeof refWindow.td_compute_parallax_background) {\r\n\t\t\t\t\t\t\trefWindow.tdAnimationScroll.compute_all_items();\r\n\t\t\t\t\t\t}\r\n\t\t\t\t\t});\r\n\r\n\t\t\t\t}, 200);\r\n\t\t\t<\/script>\r\n\r\n\t\t\t<div id=\"tdi_8\" class=\"tdc-row stretch_row_1200 td-stretch-content\"><div class=\"vc_row tdi_9  wpb_row td-pb-row tdc-element-style\" >\n<style scoped>\n\/* custom css - generated by TagDiv Composer *\/\n\n\/* custom css - generated by TagDiv Composer *\/\n\/* custom css - generated by TagDiv Composer *\/\n\r\n                \r\n                \r\n                .tdi_9,\r\n                .tdi_9 .tdc-columns{\r\n                    min-height: 0;\r\n                }.tdi_9,\r\n\t\t\t\t.tdi_9 .tdc-columns{\r\n\t\t\t\t    display: block;\r\n\t\t\t\t}.tdi_9 .tdc-columns{\r\n\t\t\t\t    width: 100%;\r\n\t\t\t\t}@media (min-width: 768px) {\r\n\t                .tdi_9 {\r\n\t                    margin-left: -10px;\r\n\t                    margin-right: -10px;\r\n\t                }\r\n\t                .tdi_9 .tdc-row-video-background-error,\r\n\t                .tdi_9 .vc_column {\r\n\t                    padding-left: 10px;\r\n\t                    padding-right: 10px;\r\n\t                }\r\n                }\n\/* inline tdc_css att - generated by TagDiv Composer *\/\n\n.tdi_9{\nmargin-top:30px !important;\nposition:relative;\n}\n\n.tdi_9 .td_block_wrap{ text-align:left }\n\n<\/style>\n<div class=\"tdi_8_rand_style td-element-style\" ><div class=\"td-element-style-before\"><style>\n\/* custom css - generated by TagDiv Composer *\/\n\n.tdi_8_rand_style > .td-element-style-before {\ncontent:'' !important;\nwidth:100% !important;\nheight:100% !important;\nposition:absolute !important;\ntop:0 !important;\nleft:0 !important;\ndisplay:block !important;\nz-index:0 !important;\nbackground-position:center center !important;\nbackground-size:cover !important;\n}\n<\/style><\/div><\/div><div class=\"vc_column tdi_11  wpb_column vc_column_container tdc-column td-pb-span3\">\n<style scoped>\n\/* custom css - generated by TagDiv Composer *\/\n\n\/* custom css - generated by TagDiv Composer *\/\n\/* custom css - generated by TagDiv Composer *\/\n.tdi_11{\r\n                    vertical-align: baseline;\r\n                }.tdi_11 > .wpb_wrapper,\r\n\t\t\t\t.tdi_11 > .wpb_wrapper > .tdc-elements{\r\n\t\t\t\t    display: block;\r\n\t\t\t\t}.tdi_11 > .wpb_wrapper > .tdc-elements{\r\n\t\t\t\t    width: 100%;\r\n\t\t\t\t}.tdi_11 > .wpb_wrapper > .vc_row_inner{\r\n\t\t\t\t    width: auto;\r\n\t\t\t\t}.tdi_11 > .wpb_wrapper{\r\n\t\t\t\t    width: auto;\r\n\t\t\t\t    height: auto;\r\n\t\t\t\t}\n<\/style><div class=\"wpb_wrapper\" ><div class=\"td_block_wrap td_block_text_with_title tdi_12 tagdiv-type td-pb-border-top td_block_template_9\"  data-td-block-uid=\"tdi_12\" >\n<style>\n\/* custom css - generated by TagDiv Composer *\/\n\/* custom css - generated by TagDiv Composer *\/\n.td_block_text_with_title{\r\n                  margin-bottom: 44px;\r\n                  -webkit-transform: translateZ(0);\r\n                  transform: translateZ(0);\r\n                }.td_block_text_with_title p:last-child{\r\n                  margin-bottom: 0;\r\n                }.tdi_12,\r\n                .tdi_12 p{\r\n\t\t\t        font-size:13px !important;line-height:1.5 !important;\r\n\t\t        }.tdi_12 h5{\r\n\t\t\t        font-size:20px !important;\r\n\t\t        }\n<\/style><div class=\"td-block-title-wrap\"><\/div><div class=\"td_mod_wrap td-fix-index\"><p><img loading=\"lazy\" decoding=\"async\" class=\"alignnone size-full wp-image-15858\" src=\"https:\/\/www.miroptics.cl\/eng\/wp-content\/uploads\/2021\/12\/Aldo-Delgado.jpg\" alt=\"\" width=\"600\" height=\"600\" srcset=\"https:\/\/www.miroptics.cl\/eng\/wp-content\/uploads\/2021\/12\/Aldo-Delgado.jpg 600w, https:\/\/www.miroptics.cl\/eng\/wp-content\/uploads\/2021\/12\/Aldo-Delgado-300x300.jpg 300w, https:\/\/www.miroptics.cl\/eng\/wp-content\/uploads\/2021\/12\/Aldo-Delgado-150x150.jpg 150w, https:\/\/www.miroptics.cl\/eng\/wp-content\/uploads\/2021\/12\/Aldo-Delgado-420x420.jpg 420w\" sizes=\"(max-width: 600px) 100vw, 600px\" \/><\/p>\n<h5><strong>Aldo Delgado H.<\/strong><b><br \/><\/b><span style=\"color: #339966;\">Chair\u00a0<\/span><b><\/b><\/h5>\n<p>Director of the Millennium Institute for Research in Optics (MIRO). Full professor at the Faculty of Physical and Mathematical Sciences, Universidad de Concepci\u00f3n (UdeC), Chile.<\/p>\n<p><a href=\"mailto:aldo.delgado@miroptics.cl\">aldo.delgado@miroptics.cl\u00a0<\/a><\/p>\n<\/div><\/div><\/div><\/div><div class=\"vc_column tdi_14  wpb_column vc_column_container tdc-column td-pb-span3\">\n<style scoped>\n\/* custom css - generated by TagDiv Composer *\/\n\n\/* custom css - generated by TagDiv Composer *\/\n\/* custom css - generated by TagDiv Composer *\/\n.tdi_14{\r\n                    vertical-align: baseline;\r\n                }.tdi_14 > .wpb_wrapper,\r\n\t\t\t\t.tdi_14 > .wpb_wrapper > .tdc-elements{\r\n\t\t\t\t    display: block;\r\n\t\t\t\t}.tdi_14 > .wpb_wrapper > .tdc-elements{\r\n\t\t\t\t    width: 100%;\r\n\t\t\t\t}.tdi_14 > .wpb_wrapper > .vc_row_inner{\r\n\t\t\t\t    width: auto;\r\n\t\t\t\t}.tdi_14 > .wpb_wrapper{\r\n\t\t\t\t    width: auto;\r\n\t\t\t\t    height: auto;\r\n\t\t\t\t}\n<\/style><div class=\"wpb_wrapper\" ><div class=\"td_block_wrap td_block_text_with_title tdi_15 tagdiv-type td-pb-border-top td_block_template_9\"  data-td-block-uid=\"tdi_15\" >\n<style>\n\/* custom css - generated by TagDiv Composer *\/\n\/* custom css - generated by TagDiv Composer *\/\n.tdi_15,\r\n                .tdi_15 p{\r\n\t\t\t        font-size:13px !important;line-height:1.5 !important;\r\n\t\t        }.tdi_15 h5{\r\n\t\t\t        font-size:20px !important;\r\n\t\t        }\n<\/style><div class=\"td-block-title-wrap\"><\/div><div class=\"td_mod_wrap td-fix-index\"><p><img loading=\"lazy\" decoding=\"async\" class=\"alignnone size-full wp-image-15970\" src=\"https:\/\/www.miroptics.cl\/eng\/wp-content\/uploads\/2021\/12\/Rolando-Hernandez.jpg\" alt=\"\" width=\"600\" height=\"600\" srcset=\"https:\/\/www.miroptics.cl\/eng\/wp-content\/uploads\/2021\/12\/Rolando-Hernandez.jpg 600w, https:\/\/www.miroptics.cl\/eng\/wp-content\/uploads\/2021\/12\/Rolando-Hernandez-300x300.jpg 300w, https:\/\/www.miroptics.cl\/eng\/wp-content\/uploads\/2021\/12\/Rolando-Hernandez-150x150.jpg 150w, https:\/\/www.miroptics.cl\/eng\/wp-content\/uploads\/2021\/12\/Rolando-Hernandez-420x420.jpg 420w\" sizes=\"(max-width: 600px) 100vw, 600px\" \/><\/p>\n<h5><b>Rolando Hern\u00e1ndez M.<br \/><\/b><span style=\"color: #339966;\">Vice-Chair\u00a0<\/span><b><\/b><\/h5>\n<p>Chancellor of Instituto Profesional Virginio G\u00f3mez, Concepci\u00f3n, Chile. Academician and researcher at Universidad de Concepci\u00f3n (UdeC) and advisor to the National Fund for the Development of Telecommunications (FDT in Spanish) of the Ministry of Transportation and Telecommunications, Chile.<\/p>\n<p><a href=\"mailto:rhernandez@virginiogomez.cl\">rhernandez@virginiogomez.cl<\/a><\/p>\n<\/div><\/div><\/div><\/div><div class=\"vc_column tdi_17  wpb_column vc_column_container tdc-column td-pb-span3\">\n<style scoped>\n\/* custom css - generated by TagDiv Composer *\/\n\n\/* custom css - generated by TagDiv Composer *\/\n\/* custom css - generated by TagDiv Composer *\/\n.tdi_17{\r\n                    vertical-align: baseline;\r\n                }.tdi_17 > .wpb_wrapper,\r\n\t\t\t\t.tdi_17 > .wpb_wrapper > .tdc-elements{\r\n\t\t\t\t    display: block;\r\n\t\t\t\t}.tdi_17 > .wpb_wrapper > .tdc-elements{\r\n\t\t\t\t    width: 100%;\r\n\t\t\t\t}.tdi_17 > .wpb_wrapper > .vc_row_inner{\r\n\t\t\t\t    width: auto;\r\n\t\t\t\t}.tdi_17 > .wpb_wrapper{\r\n\t\t\t\t    width: auto;\r\n\t\t\t\t    height: auto;\r\n\t\t\t\t}\n<\/style><div class=\"wpb_wrapper\" ><div class=\"td_block_wrap td_block_text_with_title tdi_18 tagdiv-type td-pb-border-top td_block_template_9\"  data-td-block-uid=\"tdi_18\" >\n<style>\n\/* custom css - generated by TagDiv Composer *\/\n\/* custom css - generated by TagDiv Composer *\/\n.tdi_18,\r\n                .tdi_18 p{\r\n\t\t\t        font-size:13px !important;line-height:1.5 !important;\r\n\t\t        }.tdi_18 h5{\r\n\t\t\t        font-size:20px !important;\r\n\t\t        }\n<\/style><div class=\"td-block-title-wrap\"><\/div><div class=\"td_mod_wrap td-fix-index\"><p><img loading=\"lazy\" decoding=\"async\" class=\"alignnone size-full wp-image-15968\" src=\"https:\/\/www.miroptics.cl\/eng\/wp-content\/uploads\/2021\/12\/GustavoLima.jpg\" alt=\"\" width=\"600\" height=\"600\" srcset=\"https:\/\/www.miroptics.cl\/eng\/wp-content\/uploads\/2021\/12\/GustavoLima.jpg 600w, https:\/\/www.miroptics.cl\/eng\/wp-content\/uploads\/2021\/12\/GustavoLima-300x300.jpg 300w, https:\/\/www.miroptics.cl\/eng\/wp-content\/uploads\/2021\/12\/GustavoLima-150x150.jpg 150w, https:\/\/www.miroptics.cl\/eng\/wp-content\/uploads\/2021\/12\/GustavoLima-420x420.jpg 420w\" sizes=\"(max-width: 600px) 100vw, 600px\" \/><\/p>\n<h5><b>Gustavo Lima Moreira<br \/><\/b><span style=\"color: #339966;\">Secretary\u00a0<\/span><b><\/b><\/h5>\n<p>Associate researcher with the Millennium Institute for Research in Optics (MIRO). Full professor at Universidad de Concepci\u00f3n (UdeC), Chile, and member of faculty of the master and doctoral programs of the Department of Physics of UdeC.<\/p>\n<p><a href=\"mailto:glima@udec.cl\">glima@udec.cl<\/a><\/p>\n<\/div><\/div><\/div><\/div><div class=\"vc_column tdi_20  wpb_column vc_column_container tdc-column td-pb-span3\">\n<style scoped>\n\/* custom css - generated by TagDiv Composer *\/\n\n\/* custom css - generated by TagDiv Composer *\/\n\/* custom css - generated by TagDiv Composer *\/\n.tdi_20{\r\n                    vertical-align: baseline;\r\n                }.tdi_20 > .wpb_wrapper,\r\n\t\t\t\t.tdi_20 > .wpb_wrapper > .tdc-elements{\r\n\t\t\t\t    display: block;\r\n\t\t\t\t}.tdi_20 > .wpb_wrapper > .tdc-elements{\r\n\t\t\t\t    width: 100%;\r\n\t\t\t\t}.tdi_20 > .wpb_wrapper > .vc_row_inner{\r\n\t\t\t\t    width: auto;\r\n\t\t\t\t}.tdi_20 > .wpb_wrapper{\r\n\t\t\t\t    width: auto;\r\n\t\t\t\t    height: auto;\r\n\t\t\t\t}\n<\/style><div class=\"wpb_wrapper\" ><div class=\"td_block_wrap td_block_text_with_title tdi_21 tagdiv-type td-pb-border-top td_block_template_9\"  data-td-block-uid=\"tdi_21\" >\n<style>\n\/* custom css - generated by TagDiv Composer *\/\n\/* custom css - generated by TagDiv Composer *\/\n.tdi_21,\r\n                .tdi_21 p{\r\n\t\t\t        font-size:13px !important;line-height:1.5 !important;\r\n\t\t        }.tdi_21 h5{\r\n\t\t\t        font-size:20px !important;\r\n\t\t        }\n<\/style><div class=\"td-block-title-wrap\"><\/div><div class=\"td_mod_wrap td-fix-index\"><p><img loading=\"lazy\" decoding=\"async\" class=\"alignnone size-full wp-image-15969\" src=\"https:\/\/www.miroptics.cl\/eng\/wp-content\/uploads\/2021\/12\/Osvaldo-Ulloa.jpg\" alt=\"\" width=\"600\" height=\"600\" srcset=\"https:\/\/www.miroptics.cl\/eng\/wp-content\/uploads\/2021\/12\/Osvaldo-Ulloa.jpg 600w, https:\/\/www.miroptics.cl\/eng\/wp-content\/uploads\/2021\/12\/Osvaldo-Ulloa-300x300.jpg 300w, https:\/\/www.miroptics.cl\/eng\/wp-content\/uploads\/2021\/12\/Osvaldo-Ulloa-150x150.jpg 150w, https:\/\/www.miroptics.cl\/eng\/wp-content\/uploads\/2021\/12\/Osvaldo-Ulloa-420x420.jpg 420w\" sizes=\"(max-width: 600px) 100vw, 600px\" \/><\/p>\n<h5><b>Osvaldo Ulloa Q.<br \/><\/b><span style=\"color: #339966;\">Treasurer\u00a0<\/span><b><\/b><\/h5>\n<p>Full professor at Universidad de Concepci\u00f3n (UdeC), Chile, director of the Millennium Institute of Oceanography, Chile, (IMO in Spanish), and member of the Chilean Academy of Sciences.<\/p>\n<p><a href=\"mailto:oulloa@udec.cl\">oulloa@udec.cl<\/a><\/p>\n<\/div><\/div><\/div><\/div><\/div><\/div><\/div><\/div>","protected":false},"excerpt":{"rendered":"","protected":false},"author":2,"featured_media":0,"parent":0,"menu_order":0,"comment_status":"closed","ping_status":"closed","template":"","meta":{"footnotes":""},"_links":{"self":[{"href":"https:\/\/www.miroptics.cl\/eng\/wp-json\/wp\/v2\/pages\/15435"}],"collection":[{"href":"https:\/\/www.miroptics.cl\/eng\/wp-json\/wp\/v2\/pages"}],"about":[{"href":"https:\/\/www.miroptics.cl\/eng\/wp-json\/wp\/v2\/types\/page"}],"author":[{"embeddable":true,"href":"https:\/\/www.miroptics.cl\/eng\/wp-json\/wp\/v2\/users\/2"}],"replies":[{"embeddable":true,"href":"https:\/\/www.miroptics.cl\/eng\/wp-json\/wp\/v2\/comments?post=15435"}],"version-history":[{"count":5,"href":"https:\/\/www.miroptics.cl\/eng\/wp-json\/wp\/v2\/pages\/15435\/revisions"}],"predecessor-version":[{"id":16101,"href":"https:\/\/www.miroptics.cl\/eng\/wp-json\/wp\/v2\/pages\/15435\/revisions\/16101"}],"wp:attachment":[{"href":"https:\/\/www.miroptics.cl\/eng\/wp-json\/wp\/v2\/media?parent=15435"}],"curies":[{"name":"wp","href":"https:\/\/api.w.org\/{rel}","templated":true}]}}